{"id":1680,"date":"2021-09-25T18:51:20","date_gmt":"2021-09-25T18:51:20","guid":{"rendered":"https:\/\/able-ngo.com\/build\/"},"modified":"2023-02-02T12:31:37","modified_gmt":"2023-02-02T12:31:37","slug":"build","status":"publish","type":"page","link":"https:\/\/old.able-ngo.com\/de\/build\/","title":{"rendered":"Build"},"content":{"rendered":"<p>[et_pb_section fb_built=&#8220;1&#8243; admin_label=&#8220;Hero&#8220; _builder_version=&#8220;4.16&#8243; background_color=&#8220;#FFFFFF&#8220; use_background_color_gradient=&#8220;on&#8220; background_color_gradient_direction=&#8220;90deg&#8220; background_color_gradient_stops=&#8220;rgba(240,242,246,0.5) 0%|rgba(255,255,255,0) 100%&#8220; background_color_gradient_start=&#8220;rgba(240,242,246,0.5)&#8220; background_color_gradient_end=&#8220;rgba(255,255,255,0)&#8220; custom_margin=&#8220;||59px|||&#8220; custom_padding=&#8220;0|0px|0|0px|false|false&#8220; global_colors_info=&#8220;{}&#8220;][et_pb_row column_structure=&#8220;1_2,1_2&#8243; padding_top_bottom_link_1=&#8220;true&#8220; _builder_version=&#8220;4.16&#8243; custom_padding=&#8220;0|0px|0|0px|false|false&#8220; global_colors_info=&#8220;{}&#8220;][et_pb_column type=&#8220;1_2&#8243; _builder_version=&#8220;4.16&#8243; background_color_gradient_direction=&#8220;270deg&#8220; custom_padding=&#8220;6vw||6vw|&#8220; custom_padding_tablet=&#8220;|5%||5%||true&#8220; custom_padding_phone=&#8220;|7%||7%||true&#8220; global_colors_info=&#8220;{}&#8220; padding_phone=&#8220;|7%||7%||true&#8220; padding_tablet=&#8220;|5%||5%||true&#8220; custom_padding__hover=&#8220;|||&#8220;][et_pb_text _builder_version=&#8220;4.16&#8243; text_font=&#8220;||||||||&#8220; header_font=&#8220;|700|||||||&#8220; header_font_size=&#8220;100px&#8220; header_line_height=&#8220;1.5em&#8220; header_3_font=&#8220;PT Sans|700|||||||&#8220; header_3_text_color=&#8220;#00c6eb&#8220; header_3_font_size=&#8220;24px&#8220; header_3_line_height=&#8220;1.2em&#8220; custom_margin=&#8220;60px|||||&#8220; header_font_size_tablet=&#8220;50px&#8220; header_font_size_phone=&#8220;32px&#8220; header_font_size_last_edited=&#8220;on|tablet&#8220; header_3_font_size_tablet=&#8220;50px&#8220; header_3_font_size_phone=&#8220;32px&#8220; header_3_font_size_last_edited=&#8220;off|desktop&#8220; locked=&#8220;off&#8220; global_colors_info=&#8220;{}&#8220;]<\/p>\n<h1>BUILD<\/h1>\n<h3>&#8222;Wissen und Information sind die wichtigsten Schl\u00fcssel zum Empowerment&#8220;.<\/h3>\n<p>Laut bpb* haben mehr Zuwanderinnen in der EU einen h\u00f6heren Bildungsabschluss als Zuwandererm\u00e4nner. Viele von ihnen arbeiten jedoch nicht in Berufen, f\u00fcr die sie qualifiziert sind, oder sie arbeiten \u00fcberhaupt nicht. Mangelnde Informationen, Angst vor dem Scheitern oder vor einem Neuanfang halten diese Frauen oft von dem ab, was sie erreichen k\u00f6nnen! <span class=\"Apple-converted-space\"> <\/span><\/p>\n<p>[\/et_pb_text][\/et_pb_column][et_pb_column type=&#8220;1_2&#8243; _builder_version=&#8220;4.16&#8243; custom_padding=&#8220;|||&#8220; custom_padding_tablet=&#8220;|0px||0px|false|true&#8220; global_colors_info=&#8220;{}&#8220; padding_tablet=&#8220;|0px||0px|false|true&#8220; custom_padding__hover=&#8220;|||&#8220;][et_pb_image src=&#8220;https:\/\/able-ngo.com\/wp-content\/uploads\/2021\/12\/able-build.jpg&#8220; title_text=&#8220;f\u00e4hig-zu-bauen&#8220; align_tablet=&#8220;center&#8220; align_phone=&#8220;&#8220; align_last_edited=&#8220;on|desktop&#8220; _builder_version=&#8220;4.16&#8243; use_background_color_gradient=&#8220;on&#8220; background_color_gradient_stops=&#8220;#00c6eb 25%|rgba(240,242,246,0) 25%&#8220; background_color_gradient_start=&#8220;#00c6eb&#8220; background_color_gradient_start_position=&#8220;25%&#8220; background_color_gradient_end=&#8220;rgba(240,242,246,0)&#8220; background_color_gradient_end_position=&#8220;25%&#8220; max_width_last_edited=&#8220;off|desktop&#8220; custom_padding=&#8220;|||60px&#8220; animation_style=&#8220;slide&#8220; animation_direction=&#8220;top&#8220; animation_intensity_slide=&#8220;1%&#8220; box_shadow_style=&#8220;preset4&#8243; box_shadow_horizontal=&#8220;120px&#8220; box_shadow_vertical=&#8220;120px&#8220; box_shadow_spread=&#8220;-60px&#8220; box_shadow_color=&#8220;#f0f2f6&#8243; global_colors_info=&#8220;{}&#8220;][\/et_pb_image][\/et_pb_column][\/et_pb_row][\/et_pb_section][et_pb_section fb_built=&#8220;1&#8243; _builder_version=&#8220;4.16&#8243; _module_preset=&#8220;default&#8220; global_colors_info=&#8220;{}&#8220;][et_pb_row column_structure=&#8220;1_2,1_2&#8243; use_custom_gutter=&#8220;on&#8220; gutter_width=&#8220;2&#8243; _builder_version=&#8220;4.16&#8243; _module_preset=&#8220;default&#8220; global_colors_info=&#8220;{}&#8220;][et_pb_column type=&#8220;1_2&#8243; _builder_version=&#8220;4.16&#8243; _module_preset=&#8220;default&#8220; global_colors_info=&#8220;{}&#8220;][et_pb_image src=&#8220;https:\/\/able-ngo.com\/wp-content\/uploads\/2021\/12\/able-build-notepad.jpg&#8220; title_text=&#8220;f\u00e4hig-erstellen-Notizblock&#8220; _builder_version=&#8220;4.16&#8243; _module_preset=&#8220;default&#8220; global_colors_info=&#8220;{}&#8220;][\/et_pb_image][\/et_pb_column][et_pb_column type=&#8220;1_2&#8243; _builder_version=&#8220;4.16&#8243; _module_preset=&#8220;default&#8220; global_colors_info=&#8220;{}&#8220;][et_pb_text _builder_version=&#8220;4.16&#8243; text_font=&#8220;||||||||&#8220; header_font=&#8220;||||||||&#8220; header_2_font=&#8220;|700|||||||&#8220; header_2_font_size=&#8220;40px&#8220; header_2_line_height=&#8220;1.5em&#8220; header_6_font=&#8220;||||||||&#8220; max_width=&#8220;600px&#8220; max_width_last_edited=&#8220;off|desktop&#8220; module_alignment=&#8220;center&#8220; custom_margin=&#8220;||32px||false|false&#8220; custom_padding=&#8220;|||&#8220; header_2_font_size_tablet=&#8220;30px&#8220; header_2_font_size_phone=&#8220;24px&#8220; header_2_font_size_last_edited=&#8220;on|phone&#8220; global_colors_info=&#8220;{}&#8220;]<\/p>\n<p style=\"text-align: left;\"><span class=\"Apple-converted-space\">Wir von ABLE haben die Vision, dass jede <strong>in Deutschland lebende<\/strong> <strong>ukrainische<\/strong> <strong>Frau<\/strong> eine Chance auf Erfolg bekommt! Wir k\u00f6nnen ihnen weder Deutsch beibringen noch einen besseren Job f\u00fcr sie finden, aber wir wollen ihnen <strong>n\u00fctzliche Informationen geben<\/strong>, ihre Fragen beantworten und <strong>sie mit tollen Geschichten<\/strong> von anderen Frauen w\u00e4hrend unserer regelm\u00e4\u00dfigen <span style=\"color: #00c6eb;\"><strong>Meet-Ups mit<\/strong><\/span><strong><span style=\"color: #00c6eb;\">Empowerment-Talks und Job-Trainings<\/span><\/strong>. International bekannte Frauen sprechen w\u00e4hrend dieser Veranstaltungen, teilen ihre <strong>Fachgebiete<\/strong>, diskutieren die <strong>Herausforderungen<\/strong>, mit denen sie konfrontiert waren, und bieten neue Einsichten, <strong>Wissen<\/strong> und Informationen. <\/span><\/p>\n<p style=\"text-align: left;\">Diese Frauen und ihre Geschichten sind alle unterschiedlich, erz\u00e4hlen von ihrem eigenen Aufstieg und Fall, aber alle wollen unsere Teilnehmerinnen <strong>ermutigen<\/strong>, ihre innere Kraft freizusetzen <strong>und an sich selbst zu glauben.<\/strong> <\/p>\n<p>[\/et_pb_text][\/et_pb_column][\/et_pb_row][et_pb_row column_structure=&#8220;3_5,2_5&#8243; _builder_version=&#8220;4.18.0&#8243; _module_preset=&#8220;default&#8220; custom_padding=&#8220;||0px|||&#8220; global_colors_info=&#8220;{}&#8220;][et_pb_column type=&#8220;3_5&#8243; _builder_version=&#8220;4.18.0&#8243; _module_preset=&#8220;default&#8220; global_colors_info=&#8220;{}&#8220;][et_pb_text _builder_version=&#8220;4.18.0&#8243; _module_preset=&#8220;default&#8220; custom_padding=&#8220;|34px||||&#8220; global_colors_info=&#8220;{}&#8220;]<\/p>\n<h2>UA Women Power Network<\/h2>\n<p>#\u0421\u041c\u0406\u041b\u0418\u0412\u0410 ist das Motto unseres neuen Projekts, das &#8222;BRAVE&#8220; bedeutet. Ziel unseres Projektes ist es, ein \u00fcberregionales Netzwerk ukrainischer Frauen in ganz Deutschland aufzubauen. Das Projekt konzentriert sich auf die berufliche und pers\u00f6nliche Entwicklung von Fl\u00fcchtlingsfrauen, um ihre Integration in den deutschen Arbeitsmarkt zu erleichtern.<\/p>\n<p style=\"font-weight: 400;\"><span>Alle Veranstaltungen f\u00f6rdern die Vernetzung der Frauen untereinander, nehmen ihnen die \u00c4ngste vor der Integration im neuen Land, er\u00f6ffnen neue Perspektiven und st\u00e4rken das Gef\u00fchl f\u00fcr Europa &amp; Deutschland in Solidarit\u00e4t. <\/span><span>ABLE l\u00e4dt zu den Veranstaltungen eine Gastrednerin ein, die ihre Erfolgsgeschichte \u00fcber ihre Integrationsreise in Deutschland mit den Teilnehmern teilt. Das Projekt wird von der <a href=\"https:\/\/www.bwstiftung.de\/de\/\">Baden-W\u00fcrttemberg Stiftung<\/a> im Rahmen des Programms <a href=\"https:\/\/www.bwstiftung.de\/de\/ausschreibung\/perspektive-donau\">Perspektive Donau<\/a> gef\u00f6rdert .<\/span><\/p>\n<p>&nbsp;<\/p>\n<p>[\/et_pb_text][\/et_pb_column][et_pb_column type=&#8220;2_5&#8243; _builder_version=&#8220;4.18.0&#8243; _module_preset=&#8220;default&#8220; global_colors_info=&#8220;{}&#8220;][et_pb_image src=&#8220;https:\/\/able-ngo.com\/wp-content\/uploads\/2023\/02\/tasche-able.jpg&#8220; title_text=&#8220;tasche-able&#8220; _builder_version=&#8220;4.19.2&#8243; _module_preset=&#8220;default&#8220; global_colors_info=&#8220;{}&#8220;][\/et_pb_image][\/et_pb_column][\/et_pb_row][\/et_pb_section][et_pb_section fb_built=&#8220;1&#8243; module_id=&#8220;Kontakt&#8220; _builder_version=&#8220;4.16&#8243; _module_preset=&#8220;default&#8220; global_colors_info=&#8220;{}&#8220;][et_pb_row _builder_version=&#8220;4.16&#8243; _module_preset=&#8220;default&#8220; global_colors_info=&#8220;{}&#8220;][et_pb_column type=&#8220;4_4&#8243; _builder_version=&#8220;4.16&#8243; _module_preset=&#8220;default&#8220; global_colors_info=&#8220;{}&#8220;][et_pb_text _builder_version=&#8220;4.18.0&#8243; _module_preset=&#8220;default&#8220; global_colors_info=&#8220;{}&#8220;]<\/p>\n<h2>Kommende Meet-Ups<\/h2>\n<p><div class=\"mec-wrap mec-skin-list-container  \" id=\"mec_skin_743\">\r\n    \r\n    \r\n        <div class=\"mec-skin-list-events-container\" id=\"mec_skin_events_743\">\r\n        Keine Veranstaltung gefunden!    <\/div>\r\n        \r\n        \r\n<\/div>[\/et_pb_text][\/et_pb_column][\/et_pb_row][\/et_pb_section]<\/p>\n","protected":false},"excerpt":{"rendered":"<p>BUILD &#8222;Wissen und Information sind die wichtigsten Schl\u00fcssel zum Empowerment&#8220;. Laut bpb* haben mehr Zuwanderinnen in der EU einen h\u00f6heren Bildungsabschluss als Zuwandererm\u00e4nner. Viele von ihnen arbeiten jedoch nicht in Berufen, f\u00fcr die sie qualifiziert sind, oder sie arbeiten \u00fcberhaupt nicht. Mangelnde Informationen, Angst vor dem Scheitern oder vor einem Neuanfang halten diese Frauen oft [&hellip;]<\/p>\n","protected":false},"author":1,"featured_media":0,"parent":0,"menu_order":0,"comment_status":"closed","ping_status":"closed","template":"","meta":{"_et_pb_use_builder":"on","_et_pb_old_content":"","_et_gb_content_width":"","footnotes":""},"class_list":["post-1680","page","type-page","status-publish","hentry"],"yoast_head":"<!-- This site is optimized with the Yoast SEO plugin v26.2 - https:\/\/yoast.com\/wordpress\/plugins\/seo\/ -->\n<title>Build - ABLE NGO<\/title>\n<meta name=\"robots\" content=\"noindex, follow, max-snippet:-1, max-image-preview:large, max-video-preview:-1\" \/>\n<meta property=\"og:locale\" content=\"de_DE\" \/>\n<meta property=\"og:type\" content=\"article\" \/>\n<meta property=\"og:title\" content=\"Build - ABLE NGO\" \/>\n<meta property=\"og:description\" content=\"BUILD &quot;Wissen und Information sind die wichtigsten Schl\u00fcssel zum Empowerment&quot;. Laut bpb* haben mehr Zuwanderinnen in der EU einen h\u00f6heren Bildungsabschluss als Zuwandererm\u00e4nner. Viele von ihnen arbeiten jedoch nicht in Berufen, f\u00fcr die sie qualifiziert sind, oder sie arbeiten \u00fcberhaupt nicht. Mangelnde Informationen, Angst vor dem Scheitern oder vor einem Neuanfang halten diese Frauen oft [&hellip;]\" \/>\n<meta property=\"og:url\" content=\"https:\/\/old.able-ngo.com\/de\/build\/\" \/>\n<meta property=\"og:site_name\" content=\"ABLE NGO\" \/>\n<meta property=\"article:modified_time\" content=\"2023-02-02T12:31:37+00:00\" \/>\n<meta name=\"twitter:card\" content=\"summary_large_image\" \/>\n<meta name=\"twitter:label1\" content=\"Gesch\u00e4tzte Lesezeit\" \/>\n\t<meta name=\"twitter:data1\" content=\"5\u00a0Minuten\" \/>\n<script type=\"application\/ld+json\" class=\"yoast-schema-graph\">{\"@context\":\"https:\/\/schema.org\",\"@graph\":[{\"@type\":\"WebPage\",\"@id\":\"https:\/\/old.able-ngo.com\/de\/build\/\",\"url\":\"https:\/\/old.able-ngo.com\/de\/build\/\",\"name\":\"Build - ABLE NGO\",\"isPartOf\":{\"@id\":\"https:\/\/old.able-ngo.com\/de\/#website\"},\"datePublished\":\"2021-09-25T18:51:20+00:00\",\"dateModified\":\"2023-02-02T12:31:37+00:00\",\"breadcrumb\":{\"@id\":\"https:\/\/old.able-ngo.com\/de\/build\/#breadcrumb\"},\"inLanguage\":\"de\",\"potentialAction\":[{\"@type\":\"ReadAction\",\"target\":[\"https:\/\/old.able-ngo.com\/de\/build\/\"]}]},{\"@type\":\"BreadcrumbList\",\"@id\":\"https:\/\/old.able-ngo.com\/de\/build\/#breadcrumb\",\"itemListElement\":[{\"@type\":\"ListItem\",\"position\":1,\"name\":\"Startseite\",\"item\":\"https:\/\/old.able-ngo.com\/de\/\"},{\"@type\":\"ListItem\",\"position\":2,\"name\":\"Build\"}]},{\"@type\":\"WebSite\",\"@id\":\"https:\/\/old.able-ngo.com\/de\/#website\",\"url\":\"https:\/\/old.able-ngo.com\/de\/\",\"name\":\"ABLE NGO\",\"description\":\"Act Build Lead Engage\",\"publisher\":{\"@id\":\"https:\/\/old.able-ngo.com\/de\/#organization\"},\"potentialAction\":[{\"@type\":\"SearchAction\",\"target\":{\"@type\":\"EntryPoint\",\"urlTemplate\":\"https:\/\/old.able-ngo.com\/de\/?s={search_term_string}\"},\"query-input\":{\"@type\":\"PropertyValueSpecification\",\"valueRequired\":true,\"valueName\":\"search_term_string\"}}],\"inLanguage\":\"de\"},{\"@type\":\"Organization\",\"@id\":\"https:\/\/old.able-ngo.com\/de\/#organization\",\"name\":\"ABLE e.V.\",\"url\":\"https:\/\/old.able-ngo.com\/de\/\",\"logo\":{\"@type\":\"ImageObject\",\"inLanguage\":\"de\",\"@id\":\"https:\/\/old.able-ngo.com\/de\/#\/schema\/logo\/image\/\",\"url\":\"https:\/\/able-ngo.com\/wp-content\/uploads\/2021\/05\/ABLE_Logo-1-e1621971249377.png\",\"contentUrl\":\"https:\/\/able-ngo.com\/wp-content\/uploads\/2021\/05\/ABLE_Logo-1-e1621971249377.png\",\"width\":1080,\"height\":402,\"caption\":\"ABLE e.V.\"},\"image\":{\"@id\":\"https:\/\/old.able-ngo.com\/de\/#\/schema\/logo\/image\/\"}}]}<\/script>\n<!-- \/ Yoast SEO plugin. -->","yoast_head_json":{"title":"Build - ABLE NGO","robots":{"index":"noindex","follow":"follow","max-snippet":"max-snippet:-1","max-image-preview":"max-image-preview:large","max-video-preview":"max-video-preview:-1"},"og_locale":"de_DE","og_type":"article","og_title":"Build - ABLE NGO","og_description":"BUILD \"Wissen und Information sind die wichtigsten Schl\u00fcssel zum Empowerment\". Laut bpb* haben mehr Zuwanderinnen in der EU einen h\u00f6heren Bildungsabschluss als Zuwandererm\u00e4nner. Viele von ihnen arbeiten jedoch nicht in Berufen, f\u00fcr die sie qualifiziert sind, oder sie arbeiten \u00fcberhaupt nicht. Mangelnde Informationen, Angst vor dem Scheitern oder vor einem Neuanfang halten diese Frauen oft [&hellip;]","og_url":"https:\/\/old.able-ngo.com\/de\/build\/","og_site_name":"ABLE NGO","article_modified_time":"2023-02-02T12:31:37+00:00","twitter_card":"summary_large_image","twitter_misc":{"Gesch\u00e4tzte Lesezeit":"5\u00a0Minuten"},"schema":{"@context":"https:\/\/schema.org","@graph":[{"@type":"WebPage","@id":"https:\/\/old.able-ngo.com\/de\/build\/","url":"https:\/\/old.able-ngo.com\/de\/build\/","name":"Build - ABLE NGO","isPartOf":{"@id":"https:\/\/old.able-ngo.com\/de\/#website"},"datePublished":"2021-09-25T18:51:20+00:00","dateModified":"2023-02-02T12:31:37+00:00","breadcrumb":{"@id":"https:\/\/old.able-ngo.com\/de\/build\/#breadcrumb"},"inLanguage":"de","potentialAction":[{"@type":"ReadAction","target":["https:\/\/old.able-ngo.com\/de\/build\/"]}]},{"@type":"BreadcrumbList","@id":"https:\/\/old.able-ngo.com\/de\/build\/#breadcrumb","itemListElement":[{"@type":"ListItem","position":1,"name":"Startseite","item":"https:\/\/old.able-ngo.com\/de\/"},{"@type":"ListItem","position":2,"name":"Build"}]},{"@type":"WebSite","@id":"https:\/\/old.able-ngo.com\/de\/#website","url":"https:\/\/old.able-ngo.com\/de\/","name":"ABLE NGO","description":"Act Build Lead Engage","publisher":{"@id":"https:\/\/old.able-ngo.com\/de\/#organization"},"potentialAction":[{"@type":"SearchAction","target":{"@type":"EntryPoint","urlTemplate":"https:\/\/old.able-ngo.com\/de\/?s={search_term_string}"},"query-input":{"@type":"PropertyValueSpecification","valueRequired":true,"valueName":"search_term_string"}}],"inLanguage":"de"},{"@type":"Organization","@id":"https:\/\/old.able-ngo.com\/de\/#organization","name":"ABLE e.V.","url":"https:\/\/old.able-ngo.com\/de\/","logo":{"@type":"ImageObject","inLanguage":"de","@id":"https:\/\/old.able-ngo.com\/de\/#\/schema\/logo\/image\/","url":"https:\/\/able-ngo.com\/wp-content\/uploads\/2021\/05\/ABLE_Logo-1-e1621971249377.png","contentUrl":"https:\/\/able-ngo.com\/wp-content\/uploads\/2021\/05\/ABLE_Logo-1-e1621971249377.png","width":1080,"height":402,"caption":"ABLE e.V."},"image":{"@id":"https:\/\/old.able-ngo.com\/de\/#\/schema\/logo\/image\/"}}]}},"_links":{"self":[{"href":"https:\/\/old.able-ngo.com\/de\/wp-json\/wp\/v2\/pages\/1680","targetHints":{"allow":["GET"]}}],"collection":[{"href":"https:\/\/old.able-ngo.com\/de\/wp-json\/wp\/v2\/pages"}],"about":[{"href":"https:\/\/old.able-ngo.com\/de\/wp-json\/wp\/v2\/types\/page"}],"author":[{"embeddable":true,"href":"https:\/\/old.able-ngo.com\/de\/wp-json\/wp\/v2\/users\/1"}],"replies":[{"embeddable":true,"href":"https:\/\/old.able-ngo.com\/de\/wp-json\/wp\/v2\/comments?post=1680"}],"version-history":[{"count":9,"href":"https:\/\/old.able-ngo.com\/de\/wp-json\/wp\/v2\/pages\/1680\/revisions"}],"predecessor-version":[{"id":2245,"href":"https:\/\/old.able-ngo.com\/de\/wp-json\/wp\/v2\/pages\/1680\/revisions\/2245"}],"wp:attachment":[{"href":"https:\/\/old.able-ngo.com\/de\/wp-json\/wp\/v2\/media?parent=1680"}],"curies":[{"name":"wp","href":"https:\/\/api.w.org\/{rel}","templated":true}]}}