{"id":1693,"date":"2021-12-17T13:42:13","date_gmt":"2021-12-17T13:42:13","guid":{"rendered":"https:\/\/able-ngo.com\/engage\/"},"modified":"2022-11-27T13:58:21","modified_gmt":"2022-11-27T13:58:21","slug":"engage","status":"publish","type":"page","link":"https:\/\/old.able-ngo.com\/de\/engage\/","title":{"rendered":"Engage"},"content":{"rendered":"<p>[et_pb_section fb_built=&#8220;1&#8243; admin_label=&#8220;Hero&#8220; _builder_version=&#8220;4.16&#8243; background_color=&#8220;#FFFFFF&#8220; use_background_color_gradient=&#8220;on&#8220; background_color_gradient_direction=&#8220;90deg&#8220; background_color_gradient_stops=&#8220;rgba(240,242,246,0.5) 0%|rgba(255,255,255,0) 100%&#8220; background_color_gradient_start=&#8220;rgba(240,242,246,0.5)&#8220; background_color_gradient_end=&#8220;rgba(255,255,255,0)&#8220; custom_margin=&#8220;||59px|||&#8220; custom_padding=&#8220;0|0px|0|0px|false|false&#8220; global_colors_info=&#8220;{}&#8220;][et_pb_row column_structure=&#8220;1_2,1_2&#8243; padding_top_bottom_link_1=&#8220;true&#8220; _builder_version=&#8220;4.16&#8243; custom_padding=&#8220;0|0px|0|0px|false|false&#8220; global_colors_info=&#8220;{}&#8220;][et_pb_column type=&#8220;1_2&#8243; _builder_version=&#8220;4.16&#8243; background_color_gradient_direction=&#8220;270deg&#8220; custom_padding=&#8220;6vw||6vw|&#8220; custom_padding_tablet=&#8220;|5%||5%||true&#8220; custom_padding_phone=&#8220;|7%||7%||true&#8220; global_colors_info=&#8220;{}&#8220; padding_phone=&#8220;|7%||7%||true&#8220; padding_tablet=&#8220;|5%||5%||true&#8220; custom_padding__hover=&#8220;|||&#8220;][et_pb_text _builder_version=&#8220;4.16&#8243; text_font=&#8220;||||||||&#8220; text_line_height=&#8220;1.8em&#8220; header_font=&#8220;|700|||||||&#8220; header_font_size=&#8220;100px&#8220; header_line_height=&#8220;1.5em&#8220; header_3_font=&#8220;PT Sans|700|||||||&#8220; header_3_text_color=&#8220;#00c6eb&#8220; header_3_font_size=&#8220;24px&#8220; header_3_line_height=&#8220;1.2em&#8220; custom_margin=&#8220;61px|||||&#8220; header_font_size_tablet=&#8220;50px&#8220; header_font_size_phone=&#8220;32px&#8220; header_font_size_last_edited=&#8220;on|tablet&#8220; header_3_font_size_tablet=&#8220;50px&#8220; header_3_font_size_phone=&#8220;32px&#8220; header_3_font_size_last_edited=&#8220;off|desktop&#8220; locked=&#8220;off&#8220; global_colors_info=&#8220;{}&#8220;]<\/p>\n<h1>ENGAGE<\/h1>\n<p style=\"line-height: 1.5em;\">\n<p>[\/et_pb_text][et_pb_button button_url=&#8220;#Mitglied&#8220; button_text=&#8220;Mitglied werden&#8220; _builder_version=&#8220;4.16&#8243; _module_preset=&#8220;default&#8220; custom_button=&#8220;on&#8220; button_text_color=&#8220;#00C6EB&#8220; button_border_radius=&#8220;25px&#8220; custom_margin=&#8220;||15px||false|false&#8220; global_colors_info=&#8220;{}&#8220; button_bg_color__hover_enabled=&#8220;on|desktop&#8220; button_bg_color__hover=&#8220;#00C6EB&#8220; button_bg_enable_color__hover=&#8220;on&#8220; button_text_color__hover_enabled=&#8220;on|hover&#8220; button_text_color__hover=&#8220;#FFFFFF&#8220;][\/et_pb_button][et_pb_button button_url=&#8220;#Partner&#8220; button_text=&#8220;Partner werden&#8220; _builder_version=&#8220;4.16&#8243; _module_preset=&#8220;default&#8220; custom_button=&#8220;on&#8220; button_text_color=&#8220;#00C6EB&#8220; button_border_radius=&#8220;25px&#8220; custom_margin=&#8220;||15px||false|false&#8220; global_colors_info=&#8220;{}&#8220; button_bg_color__hover_enabled=&#8220;on|desktop&#8220; button_bg_color__hover=&#8220;#00C6EB&#8220; button_bg_enable_color__hover=&#8220;on&#8220; button_text_color__hover_enabled=&#8220;on|hover&#8220; button_text_color__hover=&#8220;#FFFFFF&#8220;][\/et_pb_button][et_pb_button button_url=&#8220;#Beitragszahler&#8220; button_text=&#8220;F\u00f6rderer werden&#8220; _builder_version=&#8220;4.16&#8243; _module_preset=&#8220;default&#8220; custom_button=&#8220;on&#8220; button_text_color=&#8220;#00C6EB&#8220; button_border_radius=&#8220;25px&#8220; custom_margin=&#8220;||15px||false|false&#8220; global_colors_info=&#8220;{}&#8220; button_bg_color__hover_enabled=&#8220;on|desktop&#8220; button_bg_color__hover=&#8220;#00C6EB&#8220; button_bg_enable_color__hover=&#8220;on&#8220; button_text_color__hover_enabled=&#8220;on|hover&#8220; button_text_color__hover=&#8220;#FFFFFF&#8220;][\/et_pb_button][\/et_pb_column][et_pb_column type=&#8220;1_2&#8243; _builder_version=&#8220;4.16&#8243; custom_padding=&#8220;|||&#8220; custom_padding_tablet=&#8220;|0px||0px|false|true&#8220; global_colors_info=&#8220;{}&#8220; padding_tablet=&#8220;|0px||0px|false|true&#8220; custom_padding__hover=&#8220;|||&#8220;][et_pb_image src=&#8220;https:\/\/able-ngo.com\/wp-content\/uploads\/2021\/12\/Leader23.jpeg&#8220; title_text=&#8220;Freiwilligenarbeit&#8220; align_tablet=&#8220;center&#8220; align_phone=&#8220;&#8220; align_last_edited=&#8220;on|desktop&#8220; _builder_version=&#8220;4.16&#8243; use_background_color_gradient=&#8220;on&#8220; background_color_gradient_stops=&#8220;#00c6eb 25%|rgba(240,242,246,0) 25%&#8220; background_color_gradient_start=&#8220;#00c6eb&#8220; background_color_gradient_start_position=&#8220;25%&#8220; background_color_gradient_end=&#8220;rgba(240,242,246,0)&#8220; background_color_gradient_end_position=&#8220;25%&#8220; max_width_last_edited=&#8220;off|desktop&#8220; custom_padding=&#8220;|||60px&#8220; animation_style=&#8220;slide&#8220; animation_direction=&#8220;top&#8220; animation_intensity_slide=&#8220;1%&#8220; box_shadow_style=&#8220;preset4&#8243; box_shadow_horizontal=&#8220;120px&#8220; box_shadow_vertical=&#8220;120px&#8220; box_shadow_spread=&#8220;-60px&#8220; box_shadow_color=&#8220;#f0f2f6&#8243; global_colors_info=&#8220;{}&#8220;][\/et_pb_image][\/et_pb_column][\/et_pb_row][\/et_pb_section][et_pb_section fb_built=&#8220;1&#8243; next_background_color=&#8220;#dddddd&#8220; admin_label=&#8220;Qualifications&#8220; module_id=&#8220;Mitglied&#8220; _builder_version=&#8220;4.16&#8243; custom_margin=&#8220;|0px||0px|false|false&#8220; custom_padding=&#8220;0|0px|59px|0px|false|false&#8220; top_divider_height=&#8220;50px&#8220; bottom_divider_style=&#8220;arrow3&#8243; bottom_divider_height=&#8220;50px&#8220; global_colors_info=&#8220;{}&#8220;][et_pb_row column_structure=&#8220;2_5,3_5&#8243; _builder_version=&#8220;4.16&#8243; _module_preset=&#8220;default&#8220; custom_margin=&#8220;||0px||false|false&#8220; custom_padding=&#8220;||0px||false|false&#8220; global_colors_info=&#8220;{}&#8220;][et_pb_column type=&#8220;2_5&#8243; _builder_version=&#8220;4.16&#8243; _module_preset=&#8220;default&#8220; global_colors_info=&#8220;{}&#8220;][et_pb_image src=&#8220;https:\/\/able-ngo.com\/wp-content\/uploads\/2021\/12\/Empowerment.png&#8220; title_text=&#8220;Empowerment&#8220; force_fullwidth=&#8220;on&#8220; align_tablet=&#8220;center&#8220; align_phone=&#8220;&#8220; align_last_edited=&#8220;on|desktop&#8220; _builder_version=&#8220;4.19.1&#8243; use_background_color_gradient=&#8220;on&#8220; background_color_gradient_direction=&#8220;90deg&#8220; background_color_gradient_stops=&#8220;#f0f2f6 30%|rgba(240,242,246,0) 30%&#8220; background_color_gradient_start=&#8220;#f0f2f6&#8243; background_color_gradient_start_position=&#8220;30%&#8220; background_color_gradient_end=&#8220;rgba(240,242,246,0)&#8220; background_color_gradient_end_position=&#8220;30%&#8220; custom_padding=&#8220;60px||60px||true&#8220; animation_style=&#8220;slide&#8220; animation_direction=&#8220;left&#8220; animation_intensity_slide=&#8220;1%&#8220; hover_enabled=&#8220;0&#8243; box_shadow_style=&#8220;preset3&#8243; box_shadow_vertical=&#8220;80px&#8220; box_shadow_blur=&#8220;80px&#8220; box_shadow_spread=&#8220;-30px&#8220; global_colors_info=&#8220;{}&#8220; sticky_enabled=&#8220;0&#8243;][\/et_pb_image][\/et_pb_column][et_pb_column type=&#8220;3_5&#8243; _builder_version=&#8220;4.16&#8243; _module_preset=&#8220;default&#8220; custom_padding=&#8220;|||30px|false|false&#8220; global_colors_info=&#8220;{}&#8220;][et_pb_text _builder_version=&#8220;4.16&#8243; text_font=&#8220;||||||||&#8220; header_font=&#8220;||||||||&#8220; header_2_font=&#8220;|700|||||||&#8220; header_2_font_size=&#8220;40px&#8220; header_2_line_height=&#8220;1.5em&#8220; header_6_font=&#8220;||||||||&#8220; max_width=&#8220;100%&#8220; max_width_last_edited=&#8220;off|desktop&#8220; module_alignment=&#8220;center&#8220; custom_margin=&#8220;57px|0px||0px|false|false&#8220; custom_padding=&#8220;|0px||0px|false|false&#8220; header_2_font_size_tablet=&#8220;30px&#8220; header_2_font_size_phone=&#8220;24px&#8220; header_2_font_size_last_edited=&#8220;on|phone&#8220; global_colors_info=&#8220;{}&#8220;]<\/p>\n<h2 style=\"text-align: left;\">Werden Sie Mitglied &#8211; engageieren Sie sich mit uns zusammen<\/h2>\n<p>[\/et_pb_text][et_pb_text _builder_version=&#8220;4.19.1&#8243; text_font=&#8220;||||||||&#8220; header_font=&#8220;||||||||&#8220; header_2_font=&#8220;|700|||||||&#8220; header_2_font_size=&#8220;40px&#8220; header_2_line_height=&#8220;1.5em&#8220; header_6_font=&#8220;||||||||&#8220; max_width=&#8220;100%&#8220; max_width_last_edited=&#8220;off|desktop&#8220; module_alignment=&#8220;center&#8220; custom_margin=&#8220;|0px|0px|0px|false|false&#8220; custom_padding=&#8220;|0px|0px|0px|false|false&#8220; hover_enabled=&#8220;0&#8243; header_2_font_size_tablet=&#8220;30px&#8220; header_2_font_size_phone=&#8220;24px&#8220; header_2_font_size_last_edited=&#8220;on|phone&#8220; global_colors_info=&#8220;{}&#8220; sticky_enabled=&#8220;0&#8243;]<\/p>\n<p>Sie wollen etwas bewirken und einen positiven Einfluss auf die Gemeinschaft haben? Sie w\u00fcrden gerne die M\u00f6glichkeit haben, Verantwortung zu \u00fcbernehmen, zu lernen und mit uns und unseren Projekten zu wachsen?<\/p>\n<p>Wir haben zahlreiche Ideen und wissen, wie wir sie verbessern k\u00f6nnen. Sie k\u00f6nnen uns bei der Planung und Durchf\u00fchrung verschiedener Projekte helfen. Interessiert? Dann beantragen Sie eine Mitgliedschaft <a href=\"https:\/\/able-ngo.com\/de\/mitglied-werden\/\" target=\"_blank\" rel=\"noopener\"><span style=\"text-decoration: underline;\"><strong>HIER<\/strong><\/span><\/a> und engagieren Sie sich mit uns! <b><\/b><\/p>\n<p>[\/et_pb_text][\/et_pb_column][\/et_pb_row][\/et_pb_section][et_pb_section fb_built=&#8220;1&#8243; next_background_color=&#8220;#FFFFFF&#8220; admin_label=&#8220;Qualifications&#8220; module_id=&#8220;Partner&#8220; _builder_version=&#8220;4.16&#8243; background_color=&#8220;#dddddd&#8220; custom_padding=&#8220;0|0px|0px|0px|false|false&#8220; bottom_divider_style=&#8220;slant2&#8243; bottom_divider_height=&#8220;20px&#8220; global_colors_info=&#8220;{}&#8220; min_height=&#8220;586.1px&#8220;][et_pb_row column_structure=&#8220;1_2,1_2&#8243; use_custom_gutter=&#8220;on&#8220; padding_top_bottom_link_2=&#8220;true&#8220; padding_left_right_link_2=&#8220;false&#8220; _builder_version=&#8220;4.16&#8243; module_alignment=&#8220;center&#8220; custom_margin=&#8220;|6px||auto||&#8220; custom_padding=&#8220;||3px||false|false&#8220; use_custom_width=&#8220;on&#8220; width_unit=&#8220;off&#8220; global_colors_info=&#8220;{}&#8220; min_height=&#8220;611.4px&#8220;][et_pb_column type=&#8220;1_2&#8243; _builder_version=&#8220;4.16&#8243; background_color_gradient_direction=&#8220;90deg&#8220; custom_padding=&#8220;||||false|false&#8220; global_colors_info=&#8220;{}&#8220; custom_padding__hover=&#8220;|||&#8220;][et_pb_text _builder_version=&#8220;4.16&#8243; text_font=&#8220;||||||||&#8220; header_font=&#8220;||||||||&#8220; header_2_font=&#8220;|700|||||||&#8220; header_2_font_size=&#8220;40px&#8220; header_2_line_height=&#8220;1.5em&#8220; header_6_font=&#8220;||||||||&#8220; max_width=&#8220;600px&#8220; max_width_last_edited=&#8220;off|desktop&#8220; module_alignment=&#8220;center&#8220; custom_margin=&#8220;|||351px||&#8220; custom_padding=&#8220;3px|||||&#8220; header_2_font_size_tablet=&#8220;30px&#8220; header_2_font_size_phone=&#8220;24px&#8220; header_2_font_size_last_edited=&#8220;on|phone&#8220; global_colors_info=&#8220;{}&#8220;]<\/p>\n<h2>Partner werden &#8211;<br \/>effektiv kultur\u00fcbergreifend arbeiten<\/h2>\n<p>Interkulturelle Kommunikation kann Ihnen neue M\u00f6glichkeiten er\u00f6ffnen<span> <\/span>und es wird mit Sicherheit den Horizont Ihres Teams erweitern. Personen mit einem anderen kulturellen Hintergrund werden mit Sicherheit neue Ideen in Ihre Projekte einbringen. <span><b>Wir m\u00f6chten Ihnen helfen, motivierte junge Menschen f\u00fcr einen Freiwilligendienst zu finden!<\/b><\/span><\/p>\n<p>[\/et_pb_text][\/et_pb_column][et_pb_column type=&#8220;1_2&#8243; _builder_version=&#8220;4.16&#8243; background_color_gradient_direction=&#8220;90deg&#8220; custom_padding=&#8220;6vw|0px|6vw|50px|false|false&#8220; custom_padding_tablet=&#8220;|10%||10%|false|true&#8220; custom_padding_phone=&#8220;||||false|false&#8220; custom_padding_last_edited=&#8220;on|desktop&#8220; global_colors_info=&#8220;{}&#8220; padding_phone=&#8220;||||false|false&#8220; padding_tablet=&#8220;|10%||10%|false|true&#8220; padding_last_edited=&#8220;on|desktop&#8220; custom_padding__hover=&#8220;|||&#8220;][et_pb_image src=&#8220;https:\/\/able-ngo.com\/wp-content\/uploads\/2021\/12\/Frauen.png&#8220; title_text=&#8220;Frauen&#8220; force_fullwidth=&#8220;on&#8220; align_tablet=&#8220;center&#8220; align_phone=&#8220;&#8220; align_last_edited=&#8220;on|desktop&#8220; _builder_version=&#8220;4.16&#8243; use_background_color_gradient=&#8220;on&#8220; background_color_gradient_direction=&#8220;90deg&#8220; background_color_gradient_stops=&#8220;#f0f2f6 30%|rgba(240,242,246,0) 30%&#8220; background_color_gradient_start=&#8220;#f0f2f6&#8243; background_color_gradient_start_position=&#8220;30%&#8220; background_color_gradient_end=&#8220;rgba(240,242,246,0)&#8220; background_color_gradient_end_position=&#8220;30%&#8220; custom_margin=&#8220;-7px||||false|false&#8220; custom_padding=&#8220;60px||60px||true&#8220; animation_style=&#8220;slide&#8220; animation_direction=&#8220;left&#8220; animation_intensity_slide=&#8220;1%&#8220; box_shadow_style=&#8220;preset3&#8243; box_shadow_vertical=&#8220;80px&#8220; box_shadow_blur=&#8220;80px&#8220; box_shadow_spread=&#8220;-30px&#8220; global_colors_info=&#8220;{}&#8220;][\/et_pb_image][\/et_pb_column][\/et_pb_row][\/et_pb_section][et_pb_section fb_built=&#8220;1&#8243; admin_label=&#8220;Qualifications&#8220; module_id=&#8220;Spender&#8220; _builder_version=&#8220;4.16&#8243; background_color=&#8220;#FFFFFF&#8220; custom_padding=&#8220;0|0px||0px|false|false&#8220; global_colors_info=&#8220;{}&#8220; min_height=&#8220;704.4px&#8220;][et_pb_row column_structure=&#8220;1_2,1_2&#8243; use_custom_gutter=&#8220;on&#8220; padding_top_bottom_link_2=&#8220;true&#8220; padding_left_right_link_2=&#8220;false&#8220; _builder_version=&#8220;4.16&#8243; module_alignment=&#8220;center&#8220; custom_margin=&#8220;|6px||auto||&#8220; custom_padding=&#8220;||3px||false|false&#8220; use_custom_width=&#8220;on&#8220; width_unit=&#8220;off&#8220; global_colors_info=&#8220;{}&#8220; min_height=&#8220;661.4px&#8220;][et_pb_column type=&#8220;1_2&#8243; _builder_version=&#8220;4.16&#8243; background_color_gradient_direction=&#8220;90deg&#8220; custom_padding=&#8220;||||false|false&#8220; global_colors_info=&#8220;{}&#8220; custom_padding__hover=&#8220;|||&#8220;][et_pb_text _builder_version=&#8220;4.16&#8243; text_font=&#8220;||||||||&#8220; header_font=&#8220;||||||||&#8220; header_text_color=&#8220;#00c6eb&#8220; header_2_font=&#8220;|700|||||||&#8220; header_2_text_color=&#8220;#00c6eb&#8220; header_2_font_size=&#8220;40px&#8220; header_2_line_height=&#8220;1.5em&#8220; header_6_font=&#8220;||||||||&#8220; max_width=&#8220;600px&#8220; max_width_last_edited=&#8220;off|desktop&#8220; module_alignment=&#8220;center&#8220; custom_margin=&#8220;|||351px||&#8220; custom_padding=&#8220;80px|||||&#8220; header_2_font_size_tablet=&#8220;30px&#8220; header_2_font_size_phone=&#8220;24px&#8220; header_2_font_size_last_edited=&#8220;on|phone&#8220; global_colors_info=&#8220;{}&#8220;]<\/p>\n<h2>F\u00f6rderer werden<\/h2>\n<p><strong>Vielen Dank f\u00fcr Ihre Spende!<br \/><\/strong>ABLE e.V. ist ein gemeinn\u00fctziger Verein. Die von Ihnen gespendeten Mittel werden zu 100 % f\u00fcr die Projekte verwendet. Spenden helfen uns, unseren Mission zu erf\u00fcllen.<\/p>\n<p><strong>Bankverbindung:<br \/><\/strong>IBAN: DE87430609671240327000<br \/>BIC: GENODEM1GLS<br \/>Bank: GLS Bank<\/p>\n<p>[\/et_pb_text][et_pb_text _builder_version=&#8220;4.16&#8243; _module_preset=&#8220;default&#8220; header_3_font=&#8220;PT Sans|700|||||||&#8220; header_3_text_color=&#8220;#FFFFFF&#8220; custom_margin=&#8220;28px|||||&#8220; global_colors_info=&#8220;{}&#8220;]<\/p>\n<h3><span style=\"text-decoration: underline; color:#00c6eb;\"><a href=\"https:\/\/able-ngo.com\/wp-content\/uploads\/2021\/12\/28.06.2021_ABLE_Satzung.pdf\">ABLE-Satzung<\/a><\/span><\/h3>\n<p>[\/et_pb_text][\/et_pb_column][et_pb_column type=&#8220;1_2&#8243; _builder_version=&#8220;4.16&#8243; background_color_gradient_direction=&#8220;90deg&#8220; custom_padding=&#8220;6vw|0px|6vw|50px|false|false&#8220; custom_padding_tablet=&#8220;|10%||10%|false|true&#8220; custom_padding_phone=&#8220;||||false|false&#8220; custom_padding_last_edited=&#8220;on|desktop&#8220; global_colors_info=&#8220;{}&#8220; padding_phone=&#8220;||||false|false&#8220; padding_tablet=&#8220;|10%||10%|false|true&#8220; padding_last_edited=&#8220;on|desktop&#8220; custom_padding__hover=&#8220;|||&#8220;][et_pb_image src=&#8220;https:\/\/able-ngo.com\/wp-content\/uploads\/2021\/12\/donate-sign-for-charity-campaign_01-1024&#215;683.jpg&#8220; title_text=&#8220;spenden-unterschreiben-f\u00fcr-wohlt\u00e4tige-kampagne_01&#8243; force_fullwidth=&#8220;on&#8220; align_tablet=&#8220;center&#8220; align_phone=&#8220;&#8220; align_last_edited=&#8220;on|desktop&#8220; _builder_version=&#8220;4.16&#8243; use_background_color_gradient=&#8220;on&#8220; background_color_gradient_direction=&#8220;-90deg&#8220; background_color_gradient_stops=&#8220;#f0f2f6 60%|rgba(240,242,246,0) 60%&#8220; background_color_gradient_start=&#8220;#f0f2f6&#8243; background_color_gradient_start_position=&#8220;60%&#8220; background_color_gradient_end=&#8220;rgba(240,242,246,0)&#8220; background_color_gradient_end_position=&#8220;60%&#8220; custom_margin=&#8220;-76px||||false|false&#8220; custom_padding=&#8220;60px||60px||true&#8220; animation_style=&#8220;slide&#8220; animation_direction=&#8220;left&#8220; animation_intensity_slide=&#8220;1%&#8220; box_shadow_style=&#8220;preset3&#8243; box_shadow_vertical=&#8220;80px&#8220; box_shadow_blur=&#8220;80px&#8220; box_shadow_spread=&#8220;-30px&#8220; global_colors_info=&#8220;{}&#8220;][\/et_pb_image][\/et_pb_column][\/et_pb_row][\/et_pb_section]<\/p>\n","protected":false},"excerpt":{"rendered":"<p>ENGAGE Werden Sie Mitglied &#8211; engageieren Sie sich mit uns zusammenSie wollen etwas bewirken und einen positiven Einfluss auf die Gemeinschaft haben? Sie w\u00fcrden gerne die M\u00f6glichkeit haben, Verantwortung zu \u00fcbernehmen, zu lernen und mit uns und unseren Projekten zu wachsen? Wir haben zahlreiche Ideen und wissen, wie wir sie verbessern k\u00f6nnen. Sie k\u00f6nnen uns [&hellip;]<\/p>\n","protected":false},"author":1,"featured_media":0,"parent":0,"menu_order":0,"comment_status":"closed","ping_status":"closed","template":"","meta":{"_et_pb_use_builder":"on","_et_pb_old_content":"","_et_gb_content_width":"","footnotes":""},"class_list":["post-1693","page","type-page","status-publish","hentry"],"yoast_head":"<!-- This site is optimized with the Yoast SEO plugin v26.2 - https:\/\/yoast.com\/wordpress\/plugins\/seo\/ -->\n<title>Engage - ABLE NGO<\/title>\n<meta name=\"robots\" content=\"noindex, follow, max-snippet:-1, max-image-preview:large, max-video-preview:-1\" \/>\n<meta property=\"og:locale\" content=\"de_DE\" \/>\n<meta property=\"og:type\" content=\"article\" \/>\n<meta property=\"og:title\" content=\"Engage - ABLE NGO\" \/>\n<meta property=\"og:description\" content=\"ENGAGE Werden Sie Mitglied - engageieren Sie sich mit uns zusammenSie wollen etwas bewirken und einen positiven Einfluss auf die Gemeinschaft haben? Sie w\u00fcrden gerne die M\u00f6glichkeit haben, Verantwortung zu \u00fcbernehmen, zu lernen und mit uns und unseren Projekten zu wachsen? Wir haben zahlreiche Ideen und wissen, wie wir sie verbessern k\u00f6nnen. Sie k\u00f6nnen uns [&hellip;]\" \/>\n<meta property=\"og:url\" content=\"https:\/\/old.able-ngo.com\/de\/engage\/\" \/>\n<meta property=\"og:site_name\" content=\"ABLE NGO\" \/>\n<meta property=\"article:modified_time\" content=\"2022-11-27T13:58:21+00:00\" \/>\n<meta name=\"twitter:card\" content=\"summary_large_image\" \/>\n<meta name=\"twitter:label1\" content=\"Gesch\u00e4tzte Lesezeit\" \/>\n\t<meta name=\"twitter:data1\" content=\"3\u00a0Minuten\" \/>\n<script type=\"application\/ld+json\" class=\"yoast-schema-graph\">{\"@context\":\"https:\/\/schema.org\",\"@graph\":[{\"@type\":\"WebPage\",\"@id\":\"https:\/\/old.able-ngo.com\/de\/engage\/\",\"url\":\"https:\/\/old.able-ngo.com\/de\/engage\/\",\"name\":\"Engage - ABLE NGO\",\"isPartOf\":{\"@id\":\"https:\/\/old.able-ngo.com\/de\/#website\"},\"datePublished\":\"2021-12-17T13:42:13+00:00\",\"dateModified\":\"2022-11-27T13:58:21+00:00\",\"breadcrumb\":{\"@id\":\"https:\/\/old.able-ngo.com\/de\/engage\/#breadcrumb\"},\"inLanguage\":\"de\",\"potentialAction\":[{\"@type\":\"ReadAction\",\"target\":[\"https:\/\/old.able-ngo.com\/de\/engage\/\"]}]},{\"@type\":\"BreadcrumbList\",\"@id\":\"https:\/\/old.able-ngo.com\/de\/engage\/#breadcrumb\",\"itemListElement\":[{\"@type\":\"ListItem\",\"position\":1,\"name\":\"Startseite\",\"item\":\"https:\/\/old.able-ngo.com\/de\/\"},{\"@type\":\"ListItem\",\"position\":2,\"name\":\"Engage\"}]},{\"@type\":\"WebSite\",\"@id\":\"https:\/\/old.able-ngo.com\/de\/#website\",\"url\":\"https:\/\/old.able-ngo.com\/de\/\",\"name\":\"ABLE NGO\",\"description\":\"Act Build Lead Engage\",\"publisher\":{\"@id\":\"https:\/\/old.able-ngo.com\/de\/#organization\"},\"potentialAction\":[{\"@type\":\"SearchAction\",\"target\":{\"@type\":\"EntryPoint\",\"urlTemplate\":\"https:\/\/old.able-ngo.com\/de\/?s={search_term_string}\"},\"query-input\":{\"@type\":\"PropertyValueSpecification\",\"valueRequired\":true,\"valueName\":\"search_term_string\"}}],\"inLanguage\":\"de\"},{\"@type\":\"Organization\",\"@id\":\"https:\/\/old.able-ngo.com\/de\/#organization\",\"name\":\"ABLE e.V.\",\"url\":\"https:\/\/old.able-ngo.com\/de\/\",\"logo\":{\"@type\":\"ImageObject\",\"inLanguage\":\"de\",\"@id\":\"https:\/\/old.able-ngo.com\/de\/#\/schema\/logo\/image\/\",\"url\":\"https:\/\/able-ngo.com\/wp-content\/uploads\/2021\/05\/ABLE_Logo-1-e1621971249377.png\",\"contentUrl\":\"https:\/\/able-ngo.com\/wp-content\/uploads\/2021\/05\/ABLE_Logo-1-e1621971249377.png\",\"width\":1080,\"height\":402,\"caption\":\"ABLE e.V.\"},\"image\":{\"@id\":\"https:\/\/old.able-ngo.com\/de\/#\/schema\/logo\/image\/\"}}]}<\/script>\n<!-- \/ Yoast SEO plugin. -->","yoast_head_json":{"title":"Engage - ABLE NGO","robots":{"index":"noindex","follow":"follow","max-snippet":"max-snippet:-1","max-image-preview":"max-image-preview:large","max-video-preview":"max-video-preview:-1"},"og_locale":"de_DE","og_type":"article","og_title":"Engage - ABLE NGO","og_description":"ENGAGE Werden Sie Mitglied - engageieren Sie sich mit uns zusammenSie wollen etwas bewirken und einen positiven Einfluss auf die Gemeinschaft haben? Sie w\u00fcrden gerne die M\u00f6glichkeit haben, Verantwortung zu \u00fcbernehmen, zu lernen und mit uns und unseren Projekten zu wachsen? Wir haben zahlreiche Ideen und wissen, wie wir sie verbessern k\u00f6nnen. Sie k\u00f6nnen uns [&hellip;]","og_url":"https:\/\/old.able-ngo.com\/de\/engage\/","og_site_name":"ABLE NGO","article_modified_time":"2022-11-27T13:58:21+00:00","twitter_card":"summary_large_image","twitter_misc":{"Gesch\u00e4tzte Lesezeit":"3\u00a0Minuten"},"schema":{"@context":"https:\/\/schema.org","@graph":[{"@type":"WebPage","@id":"https:\/\/old.able-ngo.com\/de\/engage\/","url":"https:\/\/old.able-ngo.com\/de\/engage\/","name":"Engage - ABLE NGO","isPartOf":{"@id":"https:\/\/old.able-ngo.com\/de\/#website"},"datePublished":"2021-12-17T13:42:13+00:00","dateModified":"2022-11-27T13:58:21+00:00","breadcrumb":{"@id":"https:\/\/old.able-ngo.com\/de\/engage\/#breadcrumb"},"inLanguage":"de","potentialAction":[{"@type":"ReadAction","target":["https:\/\/old.able-ngo.com\/de\/engage\/"]}]},{"@type":"BreadcrumbList","@id":"https:\/\/old.able-ngo.com\/de\/engage\/#breadcrumb","itemListElement":[{"@type":"ListItem","position":1,"name":"Startseite","item":"https:\/\/old.able-ngo.com\/de\/"},{"@type":"ListItem","position":2,"name":"Engage"}]},{"@type":"WebSite","@id":"https:\/\/old.able-ngo.com\/de\/#website","url":"https:\/\/old.able-ngo.com\/de\/","name":"ABLE NGO","description":"Act Build Lead Engage","publisher":{"@id":"https:\/\/old.able-ngo.com\/de\/#organization"},"potentialAction":[{"@type":"SearchAction","target":{"@type":"EntryPoint","urlTemplate":"https:\/\/old.able-ngo.com\/de\/?s={search_term_string}"},"query-input":{"@type":"PropertyValueSpecification","valueRequired":true,"valueName":"search_term_string"}}],"inLanguage":"de"},{"@type":"Organization","@id":"https:\/\/old.able-ngo.com\/de\/#organization","name":"ABLE e.V.","url":"https:\/\/old.able-ngo.com\/de\/","logo":{"@type":"ImageObject","inLanguage":"de","@id":"https:\/\/old.able-ngo.com\/de\/#\/schema\/logo\/image\/","url":"https:\/\/able-ngo.com\/wp-content\/uploads\/2021\/05\/ABLE_Logo-1-e1621971249377.png","contentUrl":"https:\/\/able-ngo.com\/wp-content\/uploads\/2021\/05\/ABLE_Logo-1-e1621971249377.png","width":1080,"height":402,"caption":"ABLE e.V."},"image":{"@id":"https:\/\/old.able-ngo.com\/de\/#\/schema\/logo\/image\/"}}]}},"_links":{"self":[{"href":"https:\/\/old.able-ngo.com\/de\/wp-json\/wp\/v2\/pages\/1693","targetHints":{"allow":["GET"]}}],"collection":[{"href":"https:\/\/old.able-ngo.com\/de\/wp-json\/wp\/v2\/pages"}],"about":[{"href":"https:\/\/old.able-ngo.com\/de\/wp-json\/wp\/v2\/types\/page"}],"author":[{"embeddable":true,"href":"https:\/\/old.able-ngo.com\/de\/wp-json\/wp\/v2\/users\/1"}],"replies":[{"embeddable":true,"href":"https:\/\/old.able-ngo.com\/de\/wp-json\/wp\/v2\/comments?post=1693"}],"version-history":[{"count":10,"href":"https:\/\/old.able-ngo.com\/de\/wp-json\/wp\/v2\/pages\/1693\/revisions"}],"predecessor-version":[{"id":2199,"href":"https:\/\/old.able-ngo.com\/de\/wp-json\/wp\/v2\/pages\/1693\/revisions\/2199"}],"wp:attachment":[{"href":"https:\/\/old.able-ngo.com\/de\/wp-json\/wp\/v2\/media?parent=1693"}],"curies":[{"name":"wp","href":"https:\/\/api.w.org\/{rel}","templated":true}]}}