{"id":1896,"date":"2021-09-25T14:18:28","date_gmt":"2021-09-25T14:18:28","guid":{"rendered":"https:\/\/able-ngo.com\/ueber-uns\/"},"modified":"2022-07-27T19:16:00","modified_gmt":"2022-07-27T19:16:00","slug":"ueber-uns","status":"publish","type":"page","link":"https:\/\/old.able-ngo.com\/de\/ueber-uns\/","title":{"rendered":"\u00dcber uns"},"content":{"rendered":"<p>[et_pb_section fb_built=&#8220;1&#8243; admin_label=&#8220;Hero&#8220; _builder_version=&#8220;4.16&#8243; background_color=&#8220;#FFFFFF&#8220; use_background_color_gradient=&#8220;on&#8220; background_color_gradient_direction=&#8220;90deg&#8220; background_color_gradient_stops=&#8220;rgba(240,242,246,0.5) 0%|rgba(255,255,255,0) 100%&#8220; background_color_gradient_start=&#8220;rgba(240,242,246,0.5)&#8220; background_color_gradient_end=&#8220;rgba(255,255,255,0)&#8220; custom_margin=&#8220;||107px|||&#8220; custom_padding=&#8220;0|0px|0|0px|false|false&#8220; global_colors_info=&#8220;{}&#8220;][et_pb_row column_structure=&#8220;1_2,1_2&#8243; padding_top_bottom_link_1=&#8220;true&#8220; _builder_version=&#8220;4.16&#8243; custom_padding=&#8220;0|0px|0|0px|false|false&#8220; global_colors_info=&#8220;{}&#8220;][et_pb_column type=&#8220;1_2&#8243; _builder_version=&#8220;4.16&#8243; background_color_gradient_direction=&#8220;270deg&#8220; custom_padding=&#8220;6vw||6vw|&#8220; custom_padding_tablet=&#8220;|5%||5%||true&#8220; custom_padding_phone=&#8220;|7%||7%||true&#8220; global_colors_info=&#8220;{}&#8220; padding_phone=&#8220;|7%||7%||true&#8220; padding_tablet=&#8220;|5%||5%||true&#8220; custom_padding__hover=&#8220;|||&#8220;][et_pb_text _builder_version=&#8220;4.16&#8243; text_font=&#8220;||||||||&#8220; text_line_height=&#8220;1.8em&#8220; header_font=&#8220;|700|||||||&#8220; header_font_size=&#8220;100px&#8220; header_line_height=&#8220;1.5em&#8220; header_3_font=&#8220;PT Sans|700|||||||&#8220; header_3_text_color=&#8220;#00c6eb&#8220; header_3_font_size=&#8220;24px&#8220; header_3_line_height=&#8220;1.2em&#8220; custom_margin=&#8220;60px|||||&#8220; header_font_size_tablet=&#8220;50px&#8220; header_font_size_phone=&#8220;32px&#8220; header_font_size_last_edited=&#8220;on|tablet&#8220; header_3_font_size_tablet=&#8220;50px&#8220; header_3_font_size_phone=&#8220;32px&#8220; header_3_font_size_last_edited=&#8220;off|desktop&#8220; locked=&#8220;off&#8220; global_colors_info=&#8220;{}&#8220;]<\/p>\n<h1>\u00dcber uns<\/h1>\n<p style=\"line-height: 1.5em;\">ABLE e.V. ist ein gemeinn\u00fctziger Verein, der von in Deutschland lebenden geb\u00fcrtigen Ukrainern gegr\u00fcndet wurde, um ehrenamtliches Engagement zu f\u00f6rdern, die pers\u00f6nliche Entwicklung zu unterst\u00fctzen und eine Plattform f\u00fcr den gegenseitigen Erfahrungs- und Wissensaustausch zu schaffen. ABLE steht f\u00fcr Act, Build, Lead, Engage.<\/p>\n<p>[\/et_pb_text][\/et_pb_column][et_pb_column type=&#8220;1_2&#8243; _builder_version=&#8220;4.16&#8243; custom_padding=&#8220;|||&#8220; custom_padding_tablet=&#8220;|0px||0px|false|true&#8220; global_colors_info=&#8220;{}&#8220; padding_tablet=&#8220;|0px||0px|false|true&#8220; custom_padding__hover=&#8220;|||&#8220;][et_pb_image src=&#8220;https:\/\/able-ngo.com\/wp-content\/uploads\/2021\/12\/WhatsApp-Image-2021-12-23-at-22.54.25.jpeg&#8220; title_text=&#8220;WhatsApp Bild 2021-12-23 um 22.54.25&#8243; align_tablet=&#8220;center&#8220; align_phone=&#8220;&#8220; align_last_edited=&#8220;on|desktop&#8220; _builder_version=&#8220;4.16&#8243; use_background_color_gradient=&#8220;on&#8220; background_color_gradient_stops=&#8220;#00c6eb 25%|rgba(240,242,246,0) 25%&#8220; background_color_gradient_start=&#8220;#00c6eb&#8220; background_color_gradient_start_position=&#8220;25%&#8220; background_color_gradient_end=&#8220;rgba(240,242,246,0)&#8220; background_color_gradient_end_position=&#8220;25%&#8220; max_width_last_edited=&#8220;off|desktop&#8220; custom_padding=&#8220;|||60px&#8220; animation_style=&#8220;slide&#8220; animation_direction=&#8220;top&#8220; animation_intensity_slide=&#8220;1%&#8220; box_shadow_style=&#8220;preset4&#8243; box_shadow_horizontal=&#8220;120px&#8220; box_shadow_vertical=&#8220;120px&#8220; box_shadow_spread=&#8220;-60px&#8220; box_shadow_color=&#8220;#f0f2f6&#8243; global_colors_info=&#8220;{}&#8220;][\/et_pb_image][\/et_pb_column][\/et_pb_row][\/et_pb_section][et_pb_section fb_built=&#8220;1&#8243; admin_label=&#8220;Qualifications&#8220; _builder_version=&#8220;4.16&#8243; background_color=&#8220;RGBA(255,255,255,0)&#8220; custom_margin=&#8220;-33px|||||&#8220; custom_padding=&#8220;0|0px|9px|0px|false|false&#8220; global_colors_info=&#8220;{}&#8220;][et_pb_row use_custom_gutter=&#8220;on&#8220; padding_top_bottom_link_2=&#8220;true&#8220; padding_left_right_link_2=&#8220;false&#8220; _builder_version=&#8220;4.16&#8243; module_alignment=&#8220;center&#8220; custom_margin=&#8220;0px|6px|0px|auto|false|false&#8220; custom_padding=&#8220;0px||0px||false|false&#8220; use_custom_width=&#8220;on&#8220; width_unit=&#8220;off&#8220; global_colors_info=&#8220;{}&#8220;][et_pb_column type=&#8220;4_4&#8243; _builder_version=&#8220;4.16&#8243; background_color_gradient_direction=&#8220;90deg&#8220; custom_padding=&#8220;0px|0px|0px|0px|false|false&#8220; global_colors_info=&#8220;{}&#8220; custom_padding__hover=&#8220;|||&#8220;][et_pb_text _builder_version=&#8220;4.16&#8243; _module_preset=&#8220;default&#8220; custom_margin=&#8220;||30px|||&#8220; global_colors_info=&#8220;{}&#8220;]<\/p>\n<p style=\"text-align: center;\">Die Idee, eine eigene Organisation zu gr\u00fcnden, besch\u00e4ftigt uns schon seit vielen Jahren. Wir leisteten w\u00e4hrend des Studiums Freiwilligendienste und organisierten verschiedene soziale und karitative Projekte in Waisenh\u00e4usern, Krankenh\u00e4usern und Schulen. Wir sind ausgewandert, haben studiert, internationale Stipendien erhalten und uns auf viele Stellen beworben. Irgendwann haben wir erkannt, dass es sehr wichtig ist, sich gegenseitig zu unterst\u00fctzen und unsere einzigartigen Erfahrungen zu teilen. Das Fr\u00fchjahr 2020 war ein Wendepunkt f\u00fcr uns:<span class=\"Apple-converted-space\">  <\/span>Corona, Home Office, keine \u00f6ffentlichen Veranstaltungen. Uns wurde klar, dass dies der perfekte Zeitpunkt ist, um unsere Idee in die Tat umzusetzen.<\/p>\n<p style=\"text-align: center;\">Am 24. Juni 2020 findet unsere erste Gr\u00fcnderversammlung statt. Der Vorschlag zur Gr\u00fcndung von ABLE e.V. wird einstimmig angenommen. Der erste offizielle Vorstand wird gew\u00e4hlt.<\/p>\n<p style=\"text-align: center;\">Und jetzt sind wir hier, sieben M\u00e4dchen, die bereit sind, in dieser Welt etwas zu bewegen.<\/p>\n<p>[\/et_pb_text][\/et_pb_column][\/et_pb_row][\/et_pb_section][et_pb_section fb_built=&#8220;1&#8243; _builder_version=&#8220;4.16&#8243; _module_preset=&#8220;default&#8220; global_colors_info=&#8220;{}&#8220;][et_pb_row column_structure=&#8220;1_2,1_6,1_6,1_6&#8243; use_custom_gutter=&#8220;on&#8220; gutter_width=&#8220;2&#8243; _builder_version=&#8220;4.16&#8243; _module_preset=&#8220;default&#8220; custom_margin=&#8220;-30px|auto||auto||&#8220; global_colors_info=&#8220;{}&#8220;][et_pb_column type=&#8220;1_2&#8243; _builder_version=&#8220;4.16&#8243; _module_preset=&#8220;default&#8220; global_colors_info=&#8220;{}&#8220;][et_pb_text _builder_version=&#8220;4.16&#8243; _module_preset=&#8220;default&#8220; header_2_font_size=&#8220;60px&#8220; global_colors_info=&#8220;{}&#8220;]<\/p>\n<h2 style=\"text-align: right;\">Unser Team<\/h2>\n<p>[\/et_pb_text][\/et_pb_column][et_pb_column type=&#8220;1_6&#8243; _builder_version=&#8220;4.16&#8243; _module_preset=&#8220;default&#8220; global_colors_info=&#8220;{}&#8220;][et_pb_team_member name=&#8220;Iryna Gumenchuk&#8220; position=&#8220;Gr\u00fcnderin\/1. Vorsitzende&#8220; image_url=&#8220;https:\/\/able-ngo.com\/wp-content\/uploads\/2022\/01\/iryna-gumenchuk-300&#215;300.jpg&#8220; facebook_url=&#8220;https:\/\/www.facebook.com\/iryna.gumenchuk&#8220; linkedin_url=&#8220;https:\/\/www.linkedin.com\/in\/irynagumenchuk\/&#8220; position_tablet=&#8220;Founder\/1st Chairwoman&#8220; position_phone=&#8220;Founder\/1st Chairwoman&#8220; position_last_edited=&#8220;on|phone&#8220; admin_label=&#8220;Person&#8220; _builder_version=&#8220;4.16&#8243; _module_preset=&#8220;default&#8220; body_text_color=&#8220;#00C6EB&#8220; position_text_align=&#8220;left&#8220; global_colors_info=&#8220;{}&#8220; border_radii_image__hover_enabled=&#8220;on|desktop&#8220;][\/et_pb_team_member][\/et_pb_column][et_pb_column type=&#8220;1_6&#8243; _builder_version=&#8220;4.16&#8243; _module_preset=&#8220;default&#8220; global_colors_info=&#8220;{}&#8220;][et_pb_team_member name=&#8220;Nataliia Pokhyliuk&#8220; position=&#8220;Gr\u00fcnderin\/2. Vorsitzende&#8220; image_url=&#8220;https:\/\/able-ngo.com\/wp-content\/uploads\/2022\/01\/natalka.jpg&#8220; facebook_url=&#8220;https:\/\/www.facebook.com\/natalie.pokhyliuk&#8220; linkedin_url=&#8220;https:\/\/www.linkedin.com\/in\/nataliia-pokhyliuk-134a9497\/&#8220; position_tablet=&#8220;Founder\/2nd Chairwoman&#8220; position_phone=&#8220;Founder\/2nd Chairwoman&#8220; position_last_edited=&#8220;on|phone&#8220; _builder_version=&#8220;4.16&#8243; _module_preset=&#8220;default&#8220; position_text_align=&#8220;left&#8220; global_colors_info=&#8220;{}&#8220;][\/et_pb_team_member][\/et_pb_column][et_pb_column type=&#8220;1_6&#8243; _builder_version=&#8220;4.16&#8243; _module_preset=&#8220;default&#8220; global_colors_info=&#8220;{}&#8220;][\/et_pb_column][\/et_pb_row][et_pb_row column_structure=&#8220;1_6,1_6,1_6,1_6,1_6,1_6&#8243; use_custom_gutter=&#8220;on&#8220; gutter_width=&#8220;2&#8243; _builder_version=&#8220;4.16&#8243; _module_preset=&#8220;default&#8220; global_colors_info=&#8220;{}&#8220;][et_pb_column type=&#8220;1_6&#8243; _builder_version=&#8220;4.16&#8243; _module_preset=&#8220;default&#8220; global_colors_info=&#8220;{}&#8220;][et_pb_team_member name=&#8220;Iryna Geike&#8220; position=&#8220;Gr\u00fcnderin\/Stellvertretende Vorsitzende&#8220; image_url=&#8220;https:\/\/able-ngo.com\/wp-content\/uploads\/2022\/01\/iryna-geike.jpg&#8220; facebook_url=&#8220;https:\/\/www.facebook.com\/iryna.shavlovska&#8220; linkedin_url=&#8220;https:\/\/www.linkedin.com\/in\/iryna-geike\/&#8220; position_tablet=&#8220;Founder\/Deputy Chairwoman&#8220; position_phone=&#8220;Founder\/Deputy Chairwoman&#8220; position_last_edited=&#8220;on|phone&#8220; _builder_version=&#8220;4.16&#8243; _module_preset=&#8220;default&#8220; position_text_align=&#8220;left&#8220; global_colors_info=&#8220;{}&#8220;][\/et_pb_team_member][\/et_pb_column][et_pb_column type=&#8220;1_6&#8243; _builder_version=&#8220;4.16&#8243; _module_preset=&#8220;default&#8220; global_colors_info=&#8220;{}&#8220;][et_pb_team_member name=&#8220;Anna Baumg\u00e4rtner&#8220; position=&#8220;Gr\u00fcnderin\/Stellvertretende Vorsitzende&#8220; image_url=&#8220;https:\/\/able-ngo.com\/wp-content\/uploads\/2022\/01\/anna.jpg&#8220; facebook_url=&#8220;https:\/\/www.facebook.com\/anna.chepizhko&#8220; linkedin_url=&#8220;https:\/\/www.linkedin.com\/in\/annabaumg\u00e4rtner16\/&#8220; position_tablet=&#8220;Founder\/Deputy Chairwoman&#8220; position_phone=&#8220;Founder\/Deputy Chairwoman&#8220; position_last_edited=&#8220;on|phone&#8220; _builder_version=&#8220;4.16&#8243; _module_preset=&#8220;default&#8220; position_text_align=&#8220;left&#8220; global_colors_info=&#8220;{}&#8220;][\/et_pb_team_member][\/et_pb_column][et_pb_column type=&#8220;1_6&#8243; _builder_version=&#8220;4.16&#8243; _module_preset=&#8220;default&#8220; global_colors_info=&#8220;{}&#8220;][et_pb_team_member name=&#8220;Margaryta Udovychenko&#8220; position=&#8220;Gr\u00fcnderin\/Schatzmeisterin&#8220; image_url=&#8220;https:\/\/able-ngo.com\/wp-content\/uploads\/2022\/01\/rita.jpg&#8220; facebook_url=&#8220;https:\/\/www.facebook.com\/margarita.udovychenko&#8220; linkedin_url=&#8220;https:\/\/www.linkedin.com\/in\/margarita-udovychenko-8b370871\/&#8220; position_tablet=&#8220;Founder\/Treasurer&#8220; position_phone=&#8220;Founder\/Treasurer&#8220; position_last_edited=&#8220;on|phone&#8220; _builder_version=&#8220;4.16&#8243; _module_preset=&#8220;default&#8220; position_text_align=&#8220;left&#8220; global_colors_info=&#8220;{}&#8220;][\/et_pb_team_member][\/et_pb_column][et_pb_column type=&#8220;1_6&#8243; _builder_version=&#8220;4.16&#8243; _module_preset=&#8220;default&#8220; global_colors_info=&#8220;{}&#8220;][et_pb_team_member name=&#8220;Olga Blinowa&#8220; position=&#8220;Gr\u00fcnderin&#8220; image_url=&#8220;https:\/\/able-ngo.com\/wp-content\/uploads\/2022\/01\/olha.jpg&#8220; facebook_url=&#8220;https:\/\/www.facebook.com\/olga.blinova.792&#8243; linkedin_url=&#8220;https:\/\/www.linkedin.com\/in\/olga-blinova-4895551a4\/&#8220; position_tablet=&#8220;Founder&#8220; position_phone=&#8220;Founder&#8220; position_last_edited=&#8220;on|phone&#8220; _builder_version=&#8220;4.16&#8243; _module_preset=&#8220;default&#8220; position_text_align=&#8220;left&#8220; global_colors_info=&#8220;{}&#8220;][\/et_pb_team_member][\/et_pb_column][et_pb_column type=&#8220;1_6&#8243; _builder_version=&#8220;4.16&#8243; _module_preset=&#8220;default&#8220; global_colors_info=&#8220;{}&#8220;][et_pb_team_member name=&#8220;Bogdana Kupchuk&#8220; position=&#8220;Gr\u00fcnderin\/SMM-Managerin&#8220; image_url=&#8220;https:\/\/able-ngo.com\/wp-content\/uploads\/2022\/01\/bogbana.jpg&#8220; facebook_url=&#8220;https:\/\/www.facebook.com\/bogdana.kupchuk&#8220; linkedin_url=&#8220;https:\/\/www.linkedin.com\/in\/bogdana-k-9732611a0\/&#8220; position_tablet=&#8220;Founder&#8220; position_phone=&#8220;Founder&#8220; position_last_edited=&#8220;on|phone&#8220; _builder_version=&#8220;4.16&#8243; _module_preset=&#8220;default&#8220; position_text_align=&#8220;left&#8220; global_colors_info=&#8220;{}&#8220;][\/et_pb_team_member][\/et_pb_column][et_pb_column type=&#8220;1_6&#8243; _builder_version=&#8220;4.16&#8243; _module_preset=&#8220;default&#8220; global_colors_info=&#8220;{}&#8220;][\/et_pb_column][\/et_pb_row][\/et_pb_section]<\/p>\n","protected":false},"excerpt":{"rendered":"<p>\u00dcber uns ABLE e.V. ist ein gemeinn\u00fctziger Verein, der von in Deutschland lebenden geb\u00fcrtigen Ukrainern gegr\u00fcndet wurde, um ehrenamtliches Engagement zu f\u00f6rdern, die pers\u00f6nliche Entwicklung zu unterst\u00fctzen und eine Plattform f\u00fcr den gegenseitigen Erfahrungs- und Wissensaustausch zu schaffen. ABLE steht f\u00fcr Act, Build, Lead, Engage.Die Idee, eine eigene Organisation zu gr\u00fcnden, besch\u00e4ftigt uns schon seit [&hellip;]<\/p>\n","protected":false},"author":1,"featured_media":0,"parent":0,"menu_order":0,"comment_status":"closed","ping_status":"closed","template":"","meta":{"_et_pb_use_builder":"on","_et_pb_old_content":"","_et_gb_content_width":"","footnotes":""},"class_list":["post-1896","page","type-page","status-publish","hentry"],"yoast_head":"<!-- This site is optimized with the Yoast SEO plugin v26.2 - https:\/\/yoast.com\/wordpress\/plugins\/seo\/ -->\n<title>\u00dcber uns - ABLE NGO<\/title>\n<meta name=\"robots\" content=\"noindex, follow, max-snippet:-1, max-image-preview:large, max-video-preview:-1\" \/>\n<meta property=\"og:locale\" content=\"de_DE\" \/>\n<meta property=\"og:type\" content=\"article\" \/>\n<meta property=\"og:title\" content=\"\u00dcber uns - ABLE NGO\" \/>\n<meta property=\"og:description\" content=\"\u00dcber uns ABLE e.V. ist ein gemeinn\u00fctziger Verein, der von in Deutschland lebenden geb\u00fcrtigen Ukrainern gegr\u00fcndet wurde, um ehrenamtliches Engagement zu f\u00f6rdern, die pers\u00f6nliche Entwicklung zu unterst\u00fctzen und eine Plattform f\u00fcr den gegenseitigen Erfahrungs- und Wissensaustausch zu schaffen. ABLE steht f\u00fcr Act, Build, Lead, Engage.Die Idee, eine eigene Organisation zu gr\u00fcnden, besch\u00e4ftigt uns schon seit [&hellip;]\" \/>\n<meta property=\"og:url\" content=\"https:\/\/old.able-ngo.com\/de\/ueber-uns\/\" \/>\n<meta property=\"og:site_name\" content=\"ABLE NGO\" \/>\n<meta property=\"article:modified_time\" content=\"2022-07-27T19:16:00+00:00\" \/>\n<meta name=\"twitter:card\" content=\"summary_large_image\" \/>\n<meta name=\"twitter:label1\" content=\"Gesch\u00e4tzte Lesezeit\" \/>\n\t<meta name=\"twitter:data1\" content=\"7\u00a0Minuten\" \/>\n<script type=\"application\/ld+json\" class=\"yoast-schema-graph\">{\"@context\":\"https:\/\/schema.org\",\"@graph\":[{\"@type\":\"WebPage\",\"@id\":\"https:\/\/old.able-ngo.com\/de\/ueber-uns\/\",\"url\":\"https:\/\/old.able-ngo.com\/de\/ueber-uns\/\",\"name\":\"\u00dcber uns - ABLE NGO\",\"isPartOf\":{\"@id\":\"https:\/\/old.able-ngo.com\/de\/#website\"},\"datePublished\":\"2021-09-25T14:18:28+00:00\",\"dateModified\":\"2022-07-27T19:16:00+00:00\",\"breadcrumb\":{\"@id\":\"https:\/\/old.able-ngo.com\/de\/ueber-uns\/#breadcrumb\"},\"inLanguage\":\"de\",\"potentialAction\":[{\"@type\":\"ReadAction\",\"target\":[\"https:\/\/old.able-ngo.com\/de\/ueber-uns\/\"]}]},{\"@type\":\"BreadcrumbList\",\"@id\":\"https:\/\/old.able-ngo.com\/de\/ueber-uns\/#breadcrumb\",\"itemListElement\":[{\"@type\":\"ListItem\",\"position\":1,\"name\":\"Startseite\",\"item\":\"https:\/\/old.able-ngo.com\/de\/\"},{\"@type\":\"ListItem\",\"position\":2,\"name\":\"\u00dcber uns\"}]},{\"@type\":\"WebSite\",\"@id\":\"https:\/\/old.able-ngo.com\/de\/#website\",\"url\":\"https:\/\/old.able-ngo.com\/de\/\",\"name\":\"ABLE NGO\",\"description\":\"Act Build Lead Engage\",\"publisher\":{\"@id\":\"https:\/\/old.able-ngo.com\/de\/#organization\"},\"potentialAction\":[{\"@type\":\"SearchAction\",\"target\":{\"@type\":\"EntryPoint\",\"urlTemplate\":\"https:\/\/old.able-ngo.com\/de\/?s={search_term_string}\"},\"query-input\":{\"@type\":\"PropertyValueSpecification\",\"valueRequired\":true,\"valueName\":\"search_term_string\"}}],\"inLanguage\":\"de\"},{\"@type\":\"Organization\",\"@id\":\"https:\/\/old.able-ngo.com\/de\/#organization\",\"name\":\"ABLE e.V.\",\"url\":\"https:\/\/old.able-ngo.com\/de\/\",\"logo\":{\"@type\":\"ImageObject\",\"inLanguage\":\"de\",\"@id\":\"https:\/\/old.able-ngo.com\/de\/#\/schema\/logo\/image\/\",\"url\":\"https:\/\/able-ngo.com\/wp-content\/uploads\/2021\/05\/ABLE_Logo-1-e1621971249377.png\",\"contentUrl\":\"https:\/\/able-ngo.com\/wp-content\/uploads\/2021\/05\/ABLE_Logo-1-e1621971249377.png\",\"width\":1080,\"height\":402,\"caption\":\"ABLE e.V.\"},\"image\":{\"@id\":\"https:\/\/old.able-ngo.com\/de\/#\/schema\/logo\/image\/\"}}]}<\/script>\n<!-- \/ Yoast SEO plugin. -->","yoast_head_json":{"title":"\u00dcber uns - ABLE NGO","robots":{"index":"noindex","follow":"follow","max-snippet":"max-snippet:-1","max-image-preview":"max-image-preview:large","max-video-preview":"max-video-preview:-1"},"og_locale":"de_DE","og_type":"article","og_title":"\u00dcber uns - ABLE NGO","og_description":"\u00dcber uns ABLE e.V. ist ein gemeinn\u00fctziger Verein, der von in Deutschland lebenden geb\u00fcrtigen Ukrainern gegr\u00fcndet wurde, um ehrenamtliches Engagement zu f\u00f6rdern, die pers\u00f6nliche Entwicklung zu unterst\u00fctzen und eine Plattform f\u00fcr den gegenseitigen Erfahrungs- und Wissensaustausch zu schaffen. ABLE steht f\u00fcr Act, Build, Lead, Engage.Die Idee, eine eigene Organisation zu gr\u00fcnden, besch\u00e4ftigt uns schon seit [&hellip;]","og_url":"https:\/\/old.able-ngo.com\/de\/ueber-uns\/","og_site_name":"ABLE NGO","article_modified_time":"2022-07-27T19:16:00+00:00","twitter_card":"summary_large_image","twitter_misc":{"Gesch\u00e4tzte Lesezeit":"7\u00a0Minuten"},"schema":{"@context":"https:\/\/schema.org","@graph":[{"@type":"WebPage","@id":"https:\/\/old.able-ngo.com\/de\/ueber-uns\/","url":"https:\/\/old.able-ngo.com\/de\/ueber-uns\/","name":"\u00dcber uns - ABLE NGO","isPartOf":{"@id":"https:\/\/old.able-ngo.com\/de\/#website"},"datePublished":"2021-09-25T14:18:28+00:00","dateModified":"2022-07-27T19:16:00+00:00","breadcrumb":{"@id":"https:\/\/old.able-ngo.com\/de\/ueber-uns\/#breadcrumb"},"inLanguage":"de","potentialAction":[{"@type":"ReadAction","target":["https:\/\/old.able-ngo.com\/de\/ueber-uns\/"]}]},{"@type":"BreadcrumbList","@id":"https:\/\/old.able-ngo.com\/de\/ueber-uns\/#breadcrumb","itemListElement":[{"@type":"ListItem","position":1,"name":"Startseite","item":"https:\/\/old.able-ngo.com\/de\/"},{"@type":"ListItem","position":2,"name":"\u00dcber uns"}]},{"@type":"WebSite","@id":"https:\/\/old.able-ngo.com\/de\/#website","url":"https:\/\/old.able-ngo.com\/de\/","name":"ABLE NGO","description":"Act Build Lead Engage","publisher":{"@id":"https:\/\/old.able-ngo.com\/de\/#organization"},"potentialAction":[{"@type":"SearchAction","target":{"@type":"EntryPoint","urlTemplate":"https:\/\/old.able-ngo.com\/de\/?s={search_term_string}"},"query-input":{"@type":"PropertyValueSpecification","valueRequired":true,"valueName":"search_term_string"}}],"inLanguage":"de"},{"@type":"Organization","@id":"https:\/\/old.able-ngo.com\/de\/#organization","name":"ABLE e.V.","url":"https:\/\/old.able-ngo.com\/de\/","logo":{"@type":"ImageObject","inLanguage":"de","@id":"https:\/\/old.able-ngo.com\/de\/#\/schema\/logo\/image\/","url":"https:\/\/able-ngo.com\/wp-content\/uploads\/2021\/05\/ABLE_Logo-1-e1621971249377.png","contentUrl":"https:\/\/able-ngo.com\/wp-content\/uploads\/2021\/05\/ABLE_Logo-1-e1621971249377.png","width":1080,"height":402,"caption":"ABLE e.V."},"image":{"@id":"https:\/\/old.able-ngo.com\/de\/#\/schema\/logo\/image\/"}}]}},"_links":{"self":[{"href":"https:\/\/old.able-ngo.com\/de\/wp-json\/wp\/v2\/pages\/1896","targetHints":{"allow":["GET"]}}],"collection":[{"href":"https:\/\/old.able-ngo.com\/de\/wp-json\/wp\/v2\/pages"}],"about":[{"href":"https:\/\/old.able-ngo.com\/de\/wp-json\/wp\/v2\/types\/page"}],"author":[{"embeddable":true,"href":"https:\/\/old.able-ngo.com\/de\/wp-json\/wp\/v2\/users\/1"}],"replies":[{"embeddable":true,"href":"https:\/\/old.able-ngo.com\/de\/wp-json\/wp\/v2\/comments?post=1896"}],"version-history":[{"count":0,"href":"https:\/\/old.able-ngo.com\/de\/wp-json\/wp\/v2\/pages\/1896\/revisions"}],"wp:attachment":[{"href":"https:\/\/old.able-ngo.com\/de\/wp-json\/wp\/v2\/media?parent=1896"}],"curies":[{"name":"wp","href":"https:\/\/api.w.org\/{rel}","templated":true}]}}